{"id":470,"date":"2025-07-20T11:23:15","date_gmt":"2025-07-20T09:23:15","guid":{"rendered":"https:\/\/keepkalm.pl\/?page_id=470"},"modified":"2025-07-22T12:43:04","modified_gmt":"2025-07-22T10:43:04","slug":"czas-dostawy","status":"publish","type":"page","link":"https:\/\/keepkalm.pl\/en\/czas-dostawy\/","title":{"rendered":"Delivery Time"},"content":{"rendered":"<h2 class=\"wp-block-heading has-text-align-center\"><strong>Delivery Time<\/strong><\/h2>\n\n\n\n<p class=\"has-text-align-center\" style=\"margin-right:var(--wp--preset--spacing--40);margin-left:var(--wp--preset--spacing--40)\">At KeepKalm, all products are made especially for you after you place your order \u2014 this is called the print-on-demand model.\nThanks to this approach, we avoid overproduction and operate in a more sustainable and responsible way.&nbsp;<\/p>\n\n\n\n<h3 class=\"wp-block-heading\" style=\"margin-right:var(--wp--preset--spacing--40);margin-left:var(--wp--preset--spacing--40)\">Order Fulfillment Time (Production):<\/h3>\n\n\n\n<ul style=\"margin-right:var(--wp--preset--spacing--40);margin-left:var(--wp--preset--spacing--40)\" class=\"wp-block-list\">\n<li>\u2665 Production of your item begins within 2\u20135 business days after your order is placed.<\/li>\n\n\n\n<li style=\"margin-right:0;margin-left:0\">\u2665 Each product is made from scratch \u2013 printed and prepared especially for you.<\/li>\n\n\n\n<li>\u2665 During peak periods (holidays, promotions), production time may be extended by 1\u20132 business days.<\/li>\n<\/ul>\n\n\n\n<h3 class=\"wp-block-heading\" style=\"margin-right:var(--wp--preset--spacing--40);margin-left:var(--wp--preset--spacing--40)\">Shipping Time (Delivery):<\/h3>\n\n\n\n<p style=\"margin-right:var(--wp--preset--spacing--40);margin-left:var(--wp--preset--spacing--40)\">After your product is produced, the shipping time depends on the destination country:<\/p>\n\n\n\n<p><\/p>\n\n\n\n<figure style=\"margin-right:var(--wp--preset--spacing--40);margin-left:var(--wp--preset--spacing--40)\" class=\"wp-block-table\"><table class=\"has-fixed-layout\"><tbody><tr><td><strong>Country \/ Region<\/strong><\/td><td><strong>Estimated Delivery Time<\/strong><\/td><\/tr><tr><td>Poland<\/td><td>3\u20136 business days<\/td><\/tr><tr><td>Europe<\/td><td>3\u20138 business days<\/td><\/tr><tr><td>USA \/ Canada<\/td><td>4\u20139 business days<\/td><\/tr><tr><td>Rest of the world<\/td><td>7\u201320 business days<\/td><\/tr><\/tbody><\/table><\/figure>\n\n\n\n<p><\/p>\n\n\n\n<h3 class=\"wp-block-heading\" style=\"margin-right:var(--wp--preset--spacing--40);margin-left:var(--wp--preset--spacing--40)\">Additional Information:<\/h3>\n\n\n\n<ul style=\"margin-right:var(--wp--preset--spacing--40);margin-left:var(--wp--preset--spacing--40)\" class=\"wp-block-list\">\n<li>\u2665 Once your order has been shipped, you will receive an email with a tracking number (if available for your country).<\/li>\n\n\n\n<li>\u2665 We are not responsible for any delays caused by the carrier, customs inspections, or unforeseen circumstances.<\/li>\n<\/ul>\n\n\n\n<h3 class=\"wp-block-heading\" style=\"margin-right:var(--wp--preset--spacing--40);margin-left:var(--wp--preset--spacing--40)\">Reminder:<\/h3>\n\n\n\n<p style=\"margin-right:var(--wp--preset--spacing--40);margin-left:var(--wp--preset--spacing--40)\">Delivery time = Production time + Shipping time<\/p>\n\n\n\n<p style=\"margin-right:var(--wp--preset--spacing--40);margin-left:var(--wp--preset--spacing--40)\">In most cases, orders arrive within 7\u201312 business days from the date of purchase.<\/p>\n\n\n\n<p style=\"margin-right:var(--wp--preset--spacing--40);margin-left:var(--wp--preset--spacing--40)\">Thank you for your patience \u2014 your product is made with care and attention to every detail!&nbsp;<\/p>","protected":false},"excerpt":{"rendered":"<p>Czas dostawy W sklepie KeepKalm wszystkie produkty s\u0105 tworzone specjalnie dla Ciebie, dopiero po z\u0142o\u017ceniu zam\u00f3wienia \u2013 to tzw. model druku na \u017c\u0105danie (print on demand). Dzi\u0119ki temu unikamy nadprodukcji i dzia\u0142amy bardziej odpowiedzialnie&nbsp; Czas realizacji zam\u00f3wienia (produkcji): Czas dostawy (wysy\u0142ki): Po zako\u0144czeniu produkcji, czas dostawy zale\u017cy od kraju, do kt\u00f3rego wysy\u0142amy zam\u00f3wienie: Kraj \/ [&hellip;]<\/p>","protected":false},"author":1,"featured_media":0,"parent":0,"menu_order":0,"comment_status":"closed","ping_status":"closed","template":"","meta":{"footnotes":""},"class_list":["post-470","page","type-page","status-publish","hentry"],"jetpack_sharing_enabled":true,"_links":{"self":[{"href":"https:\/\/keepkalm.pl\/en\/wp-json\/wp\/v2\/pages\/470","targetHints":{"allow":["GET"]}}],"collection":[{"href":"https:\/\/keepkalm.pl\/en\/wp-json\/wp\/v2\/pages"}],"about":[{"href":"https:\/\/keepkalm.pl\/en\/wp-json\/wp\/v2\/types\/page"}],"author":[{"embeddable":true,"href":"https:\/\/keepkalm.pl\/en\/wp-json\/wp\/v2\/users\/1"}],"replies":[{"embeddable":true,"href":"https:\/\/keepkalm.pl\/en\/wp-json\/wp\/v2\/comments?post=470"}],"version-history":[{"count":0,"href":"https:\/\/keepkalm.pl\/en\/wp-json\/wp\/v2\/pages\/470\/revisions"}],"wp:attachment":[{"href":"https:\/\/keepkalm.pl\/en\/wp-json\/wp\/v2\/media?parent=470"}],"curies":[{"name":"wp","href":"https:\/\/api.w.org\/{rel}","templated":true}]}}