{"id":586,"date":"2025-09-12T18:33:29","date_gmt":"2025-09-12T16:33:29","guid":{"rendered":"https:\/\/keepkalm.pl\/produkt\/short-sleeve-unisex-t-shirt-5\/"},"modified":"2025-09-12T18:37:02","modified_gmt":"2025-09-12T16:37:02","slug":"short-sleeve-unisex-t-shirt-5","status":"publish","type":"product","link":"https:\/\/keepkalm.pl\/en\/product\/short-sleeve-unisex-t-shirt-5\/","title":{"rendered":"t-shirt &#8211; KEEP CALM AND MANIFEST YOUR LIFE"},"content":{"rendered":"<p><strong>T-SHIRT FOR CUSTOMIZATION\u00a0<\/strong><\/p>\n<p>At KeepKalm, you're getting a classic printed T-shirt \u2014 simple, comfortable, ready to wear, but also made with the idea that you can customize it <strong>your own way.<\/strong>.<\/p>\n<p><strong>IMPORTANT:<\/strong> The photos also show sample stylings and DIY modifications, but the base is always a standard, classic T-shirt.<\/p>\n<p>KeepKalm is a brand inspired by Tumblr 2014 nostalgia and indie sleaze, <strong>reimagined with a twist of mindfulness and a minimalist vibe.<\/strong>The iconic <strong>\u201eKEEP CALM AND\u2026<\/strong>slogan takes on a fresh new meaning:\ntrust the process, breathe deeply, flow within.<\/p>\n<p>Each T-shirt is <strong>made just for you<\/strong>right after you place your order.\nProducing on-demand instead of in bulk <strong>helps reduce overproduction.<\/strong>However, this also means shipping takes a little longer \u2014 thank you for your patience and understanding.<\/p>\n<p>Check out our social media for <strong>tutorials and ideas on how to transform your tee \u2014 no sewing machine required!<\/strong> Or just wear it as-is \u2014 your style, your rules.<\/p>\n<p><strong>At KeepKalm, you decide.<\/strong><\/p>\n<p>instagram:\u00a0<a href=\"https:\/\/www.instagram.com\/keepkalm.pl\/\">https:\/\/www.instagram.com\/keepkalm.pl\/<\/a><\/p>\n<p>tiktok:\u00a0<a href=\"https:\/\/www.tiktok.com\/@keepkalm.pl\">https:\/\/www.tiktok.com\/@keepkalm.pl<\/a><\/p>\n<p>&nbsp;<\/p>\n<p><strong>MATERIAL &amp; PRODUCT DETAILS<\/strong><\/p>\n<ul>\n<li>- 100% ring-spun cotton<\/li>\n<li>- Fabric weight: 206.8 g\/m\u00b2<\/li>\n<li>- Fit: Oversized<\/li>\n<li>- Double-stitched collar<\/li>\n<li>- Twill-taped neck and shoulders for extra durability<\/li>\n<li>- Double-stitched sleeves and bottom hems<\/li>\n<\/ul>\n<p><strong>SIZING &amp; FIT<\/strong><\/p>\n<p><em>Model 1<\/em><\/p>\n<ul>\n<li>- Height: 158 cm<\/li>\n<li>- Normally wears size S<\/li>\n<li>- Wearing size XL<\/li>\n<\/ul>\n<p><em>Model 2\u00a0<\/em><\/p>\n<ul>\n<li>- Height: 175 cm<\/li>\n<li>- Normally wears size S<\/li>\n<li>- Wearing size S<\/li>\n<\/ul>\n<p><em>Model 3<\/em><\/p>\n<ul>\n<li>- Height: 170 cm<\/li>\n<li>- Normally wears size S<\/li>\n<li>- Wearing size M<\/li>\n<\/ul>","protected":false},"excerpt":{"rendered":"<p><strong>T-SHIRT FOR CUSTOMIZATION\u00a0<\/strong><\/p>\n<p>W KeepKalm kupujesz klasyczny T-shirt z nadrukiem \u2013 prosty, wygodny, gotowy do noszenia, ale te\u017c stworzony z my\u015bl\u0105 o tym, \u017ceby\u015b mog\u0142a\/m\u00f3g\u0142 go przerobi\u0107 po swojemu.<\/p>\n<p><strong>IMPORTANT:<\/strong> The photos also show sample stylings and DIY modifications, but the base is always a standard, classic T-shirt.<\/p>","protected":false},"featured_media":329,"template":"","meta":[],"product_brand":[],"product_cat":[30],"product_tag":[],"class_list":{"0":"post-586","1":"product","2":"type-product","3":"status-publish","4":"has-post-thumbnail","6":"product_cat-t-shirts","8":"first","9":"instock","10":"shipping-taxable","11":"purchasable","12":"product-type-variable"},"jetpack_sharing_enabled":true,"_links":{"self":[{"href":"https:\/\/keepkalm.pl\/en\/wp-json\/wp\/v2\/product\/586","targetHints":{"allow":["GET"]}}],"collection":[{"href":"https:\/\/keepkalm.pl\/en\/wp-json\/wp\/v2\/product"}],"about":[{"href":"https:\/\/keepkalm.pl\/en\/wp-json\/wp\/v2\/types\/product"}],"wp:featuredmedia":[{"embeddable":true,"href":"https:\/\/keepkalm.pl\/en\/wp-json\/wp\/v2\/media\/329"}],"wp:attachment":[{"href":"https:\/\/keepkalm.pl\/en\/wp-json\/wp\/v2\/media?parent=586"}],"wp:term":[{"taxonomy":"product_brand","embeddable":true,"href":"https:\/\/keepkalm.pl\/en\/wp-json\/wp\/v2\/product_brand?post=586"},{"taxonomy":"product_cat","embeddable":true,"href":"https:\/\/keepkalm.pl\/en\/wp-json\/wp\/v2\/product_cat?post=586"},{"taxonomy":"product_tag","embeddable":true,"href":"https:\/\/keepkalm.pl\/en\/wp-json\/wp\/v2\/product_tag?post=586"}],"curies":[{"name":"wp","href":"https:\/\/api.w.org\/{rel}","templated":true}]}}